{"id":2659,"date":"2020-09-29T11:16:50","date_gmt":"2020-09-29T11:16:50","guid":{"rendered":"https:\/\/inmo-invest.com\/?page_id=2659"},"modified":"2020-09-29T11:17:18","modified_gmt":"2020-09-29T11:17:18","slug":"athenes","status":"publish","type":"page","link":"https:\/\/inmo-invest.com\/fr\/athenes\/","title":{"rendered":"Ath\u00e8nes"},"content":{"rendered":"<p><div class=\"fusion-fullwidth fullwidth-box fusion-builder-row-1 fusion-flex-container hundred-percent-fullwidth non-hundred-percent-height-scrolling\" style=\"--awb-background-position:left top;--awb-border-sizes-top:0px;--awb-border-sizes-bottom:0px;--awb-border-sizes-left:0px;--awb-border-sizes-right:0px;--awb-border-radius-top-left:0px;--awb-border-radius-top-right:0px;--awb-border-radius-bottom-right:0px;--awb-border-radius-bottom-left:0px;--awb-padding-top:80px;--awb-padding-right:10%;--awb-padding-bottom:30px;--awb-padding-left:10%;--awb-flex-wrap:wrap;\" ><div class=\"fusion-builder-row fusion-row fusion-flex-align-items-center fusion-flex-content-wrap\" style=\"width:104% !important;max-width:104% !important;margin-left: calc(-4% \/ 2 );margin-right: calc(-4% \/ 2 );\"><div class=\"fusion-layout-column fusion_builder_column fusion-builder-column-0 fusion_builder_column_1_2 1_2 fusion-flex-column\" style=\"--awb-bg-size:cover;--awb-width-large:50%;--awb-margin-top-large:0px;--awb-spacing-right-large:0px;--awb-margin-bottom-large:20px;--awb-spacing-left-large:3.84%;--awb-width-medium:100%;--awb-order-medium:0;--awb-spacing-right-medium:1.92%;--awb-spacing-left-medium:1.92%;--awb-width-small:100%;--awb-order-small:0;--awb-spacing-right-small:1.92%;--awb-spacing-left-small:1.92%;\" id=\"secgauc\"><div class=\"fusion-column-wrapper fusion-column-has-shadow fusion-flex-justify-content-flex-start fusion-content-layout-column\"><div class=\"fusion-content-boxes content-boxes columns row fusion-columns-1 fusion-columns-total-1 fusion-content-boxes-1 content-boxes-icon-on-side content-left\" style=\"--awb-backgroundcolor:rgba(233,233,233,0.84);--awb-body-color:#878787;--awb-title-color:#878787;--awb-margin-bottom:0px;--awb-hover-accent-color:#878787;--awb-circle-hover-accent-color:#878787;--awb-item-margin-bottom:40px;\" data-animationOffset=\"top-into-view\"><div style=\"--awb-backgroundcolor:rgba(233,233,233,0.84);\" class=\"fusion-column content-box-column content-box-column content-box-column-1 col-lg-12 col-md-12 col-sm-12 fusion-content-box-hover content-box-column-last content-box-column-last-in-row\"><div class=\"col content-box-wrapper content-wrapper-background link-area-link-icon icon-hover-animation-fade\" data-animationOffset=\"top-into-view\"><div class=\"heading icon-left\"><h2 class=\"content-box-heading\" style=\"--h2_typography-font-size:23px;line-height:28px;\">ATH\u00c8NES<\/h2><\/div><\/div><\/div><div class=\"fusion-clearfix\"><\/div><\/div><div class=\"fusion-image-element fusion-no-small-visibility\" style=\"--awb-caption-title-font-family:var(--h2_typography-font-family);--awb-caption-title-font-weight:var(--h2_typography-font-weight);--awb-caption-title-font-style:var(--h2_typography-font-style);--awb-caption-title-size:var(--h2_typography-font-size);--awb-caption-title-transform:var(--h2_typography-text-transform);--awb-caption-title-line-height:var(--h2_typography-line-height);--awb-caption-title-letter-spacing:var(--h2_typography-letter-spacing);\"><span class=\" fusion-imageframe imageframe-none imageframe-1 hover-type-none\" id=\"star\"><img decoding=\"async\" width=\"20\" height=\"20\" title=\"876\" src=\"https:\/\/inmo-invest.com\/wp-content\/uploads\/2020\/04\/876.png\" alt class=\"img-responsive wp-image-2100\"\/><\/span><\/div><div class=\"fusion-slider-sc\"><div class=\"fusion-flexslider-loading flexslider flexslider-hover-type-none\" data-slideshow_autoplay=\"1\" data-slideshow_smooth_height=\"0\" data-slideshow_speed=\"7000\" style=\"max-width:100%;height:100%;\"><ul class=\"slides\"><li class=\"image\"><span class=\"fusion-image-hover-element hover-type-none\"><img decoding=\"async\" src=\"https:\/\/inmo-invest.com\/wp-content\/uploads\/2020\/09\/inmo-invest-athenes-2.jpg\" width=\"1000\" height=\"667\" class=\"wp-image-2663\" srcset=\"https:\/\/inmo-invest.com\/wp-content\/uploads\/2020\/09\/inmo-invest-athenes-2-200x133.jpg 200w, https:\/\/inmo-invest.com\/wp-content\/uploads\/2020\/09\/inmo-invest-athenes-2-400x267.jpg 400w, https:\/\/inmo-invest.com\/wp-content\/uploads\/2020\/09\/inmo-invest-athenes-2-600x400.jpg 600w, https:\/\/inmo-invest.com\/wp-content\/uploads\/2020\/09\/inmo-invest-athenes-2-800x534.jpg 800w, https:\/\/inmo-invest.com\/wp-content\/uploads\/2020\/09\/inmo-invest-athenes-2.jpg 1000w\" sizes=\"(max-width: 1024px) 100vw, (max-width: 640px) 100vw, 600px\" \/><\/span><\/li><\/ul><\/div><\/div><\/div><\/div><div class=\"fusion-layout-column fusion_builder_column fusion-builder-column-1 fusion_builder_column_1_2 1_2 fusion-flex-column\" style=\"--awb-padding-top:10px;--awb-padding-right:50px;--awb-padding-bottom:70px;--awb-padding-left:50px;--awb-padding-right-small:10px;--awb-padding-left-small:10px;--awb-bg-color:rgba(0,0,0,0);--awb-bg-color-hover:rgba(0,0,0,0);--awb-bg-size:cover;--awb-width-large:50%;--awb-margin-top-large:0px;--awb-spacing-right-large:3.84%;--awb-margin-bottom-large:20px;--awb-spacing-left-large:0px;--awb-width-medium:100%;--awb-order-medium:0;--awb-spacing-right-medium:1.92%;--awb-spacing-left-medium:1.92%;--awb-width-small:100%;--awb-order-small:0;--awb-spacing-right-small:1.92%;--awb-spacing-left-small:1.92%;\" id=\"colonman\"><div class=\"fusion-column-wrapper fusion-column-has-shadow fusion-flex-justify-content-flex-start fusion-content-layout-column\"><div class=\"fusion-text fusion-text-1\"><p><strong>La Gr\u00e8ce a eu une pr\u00e9sence r\u00e9ussie dans les n\u00e9gociations du Conseil europ\u00e9en et a obtenu en 2020, un pack d&rsquo;aide excellence d&rsquo;environ 70 milliards d&rsquo;euros, 32 milliards d&rsquo;euros du NGEU et 38 milliards d&rsquo;euros du CFP.<\/strong><\/p>\n<p>En Ao\u00fbt, l\u2019entreprise d\u2019investissement Hines a form\u00e9 une coentreprise avec la Banque Nationale Grec, pour am\u00e9nager le nouveau centre commercial Gazi Outlet. En fait, la Gr\u00e8ce a enregistr\u00e9 446,08 millions d&rsquo;euros d&rsquo;investissements dans l&rsquo;immobilier commercial au cours du seul semestre 2019, soit plus que les volumes annuels totaux pour chacune des trois derni\u00e8res ann\u00e9es.<\/p>\n<p>Les taux de croissance des ventes immobili\u00e8res dans le centre d&rsquo;Ath\u00e8nes ont \u00e9t\u00e9 significatifs. Au deuxi\u00e8me trimestre 2020 le prix au m2 tourne autour de 2600 Euro avec une progression de 3,90 % pour la m\u00eame date en 2019.<\/p>\n<p>Le march\u00e9 immobilier a eu ou cr\u00e9\u00e9 des opportunit\u00e9s d&rsquo;investissement, mais avec les nouvelles conditions, les fonds d&rsquo;investissement disponibles ne seront plus les m\u00eames.<\/p>\n<p>C&rsquo;est sur ses informations que Inmo Parck Invest investit en continu dans des projets en Gr\u00e8ce, tel que le Athens Gold One ou le Piraeus Gold, des projets de promotion tr\u00e8s ambitieux dans des zones strat\u00e9giques.<\/p>\n<\/div><div ><a class=\"fusion-button button-flat fusion-button-default-size button-default fusion-button-default button-1 fusion-button-default-span fusion-button-default-type\" target=\"_self\" href=\"https:\/\/inmo-invest.com\/fr\/contact\/\"><span class=\"fusion-button-text awb-button__text awb-button__text--default\">Nons contacter<\/span><\/a><\/div><\/div><\/div><\/div><\/div><div id=\"contact\" class=\"fusion-container-anchor\"><div class=\"fusion-fullwidth fullwidth-box fusion-builder-row-2 fusion-parallax-none nonhundred-percent-fullwidth non-hundred-percent-height-scrolling\" style=\"--awb-border-sizes-top:0px;--awb-border-sizes-bottom:0px;--awb-border-sizes-left:0px;--awb-border-sizes-right:0px;--awb-border-radius-top-left:0px;--awb-border-radius-top-right:0px;--awb-border-radius-bottom-right:0px;--awb-border-radius-bottom-left:0px;--awb-padding-top:150px;--awb-padding-bottom:150px;--awb-background-image:url(&quot;https:\/\/inmo-invest.com\/wp-content\/uploads\/2020\/07\/778.jpg&quot;);--awb-background-size:cover;--awb-flex-wrap:wrap;\" ><div class=\"fusion-builder-row fusion-row\"><div class=\"fusion-layout-column fusion_builder_column fusion-builder-column-2 fusion_builder_column_1_1 1_1 fusion-one-full fusion-column-first fusion-column-last\" style=\"--awb-padding-right:11%;--awb-padding-left:11%;--awb-bg-size:cover;\"><div class=\"fusion-column-wrapper fusion-flex-column-wrapper-legacy\"><div class=\"fusion-text fusion-text-2\"><h2 style=\"text-align: center; color: #fff;\">CONSTRUCTION<\/h2>\n<\/div><div class=\"fusion-sep-clear\"><\/div><div class=\"fusion-separator\" style=\"margin-left: auto;margin-right: auto;margin-top:0px;margin-bottom:40px;width:100%;max-width:200px;\"><div class=\"fusion-separator-border sep-single sep-solid\" style=\"--awb-height:20px;--awb-amount:20px;--awb-sep-color:#355ca7;border-color:#355ca7;border-top-width:3px;\"><\/div><\/div><div class=\"fusion-sep-clear\"><\/div><div class=\"fusion-text fusion-text-3\"><p style=\"text-align: center; font-size: 24px; color: #fff; font-weight: 300;\">Inmo Invest s&rsquo;appuie sur de nouvelles m\u00e9thodes de construction et cr\u00e9e des projets sur mesure.<br \/>\nNos projets sont encadr\u00e9s par les meilleurs talents de la construction et apportent \u00e0 nos clients un suivi permanent des chantiers.<\/p>\n<\/div><div class=\"fusion-sep-clear\"><\/div><div class=\"fusion-separator fusion-full-width-sep\" style=\"margin-left: auto;margin-right: auto;margin-top:25px;width:100%;\"><\/div><div class=\"fusion-sep-clear\"><\/div><div class=\"fusion-clearfix\"><\/div><\/div><\/div><\/div><\/div><\/div><\/p>\n","protected":false},"excerpt":{"rendered":"","protected":false},"author":1,"featured_media":0,"parent":0,"menu_order":0,"comment_status":"closed","ping_status":"open","template":"100-width.php","meta":{"_monsterinsights_skip_tracking":false,"_monsterinsights_sitenote_active":false,"_monsterinsights_sitenote_note":"","_monsterinsights_sitenote_category":0,"footnotes":""},"class_list":["post-2659","page","type-page","status-publish","hentry"],"yoast_head":"<!-- This site is optimized with the Yoast SEO plugin v27.5 - https:\/\/yoast.com\/product\/yoast-seo-wordpress\/ -->\n<title>Ath\u00e8nes - inmo-invest.com<\/title>\n<meta name=\"robots\" content=\"index, follow, max-snippet:-1, max-image-preview:large, max-video-preview:-1\" \/>\n<link rel=\"canonical\" href=\"https:\/\/inmo-invest.com\/fr\/athenes\/\" \/>\n<meta property=\"og:locale\" content=\"fr_FR\" \/>\n<meta property=\"og:type\" content=\"article\" \/>\n<meta property=\"og:title\" content=\"Ath\u00e8nes - inmo-invest.com\" \/>\n<meta property=\"og:url\" content=\"https:\/\/inmo-invest.com\/fr\/athenes\/\" \/>\n<meta property=\"og:site_name\" content=\"inmo-invest.com\" \/>\n<meta property=\"article:publisher\" content=\"https:\/\/www.facebook.com\/Inmo-Invest-107621727796935\" \/>\n<meta property=\"article:modified_time\" content=\"2020-09-29T11:17:18+00:00\" \/>\n<meta property=\"og:image\" content=\"https:\/\/inmo-invest.com\/wp-content\/uploads\/2021\/01\/12548.jpg\" \/>\n\t<meta property=\"og:image:width\" content=\"1000\" \/>\n\t<meta property=\"og:image:height\" content=\"722\" \/>\n\t<meta property=\"og:image:type\" content=\"image\/jpeg\" \/>\n<meta name=\"twitter:card\" content=\"summary_large_image\" \/>\n<meta name=\"twitter:site\" content=\"@InvestInmo\" \/>\n<meta name=\"twitter:label1\" content=\"Dur\u00e9e de lecture estim\u00e9e\" \/>\n\t<meta name=\"twitter:data1\" content=\"10 minutes\" \/>\n<script type=\"application\/ld+json\" class=\"yoast-schema-graph\">{\"@context\":\"https:\\\/\\\/schema.org\",\"@graph\":[{\"@type\":\"WebPage\",\"@id\":\"https:\\\/\\\/inmo-invest.com\\\/fr\\\/athenes\\\/\",\"url\":\"https:\\\/\\\/inmo-invest.com\\\/fr\\\/athenes\\\/\",\"name\":\"Ath\u00e8nes - inmo-invest.com\",\"isPartOf\":{\"@id\":\"https:\\\/\\\/inmo-invest.com\\\/#website\"},\"datePublished\":\"2020-09-29T11:16:50+00:00\",\"dateModified\":\"2020-09-29T11:17:18+00:00\",\"breadcrumb\":{\"@id\":\"https:\\\/\\\/inmo-invest.com\\\/fr\\\/athenes\\\/#breadcrumb\"},\"inLanguage\":\"fr-FR\",\"potentialAction\":[{\"@type\":\"ReadAction\",\"target\":[\"https:\\\/\\\/inmo-invest.com\\\/fr\\\/athenes\\\/\"]}]},{\"@type\":\"BreadcrumbList\",\"@id\":\"https:\\\/\\\/inmo-invest.com\\\/fr\\\/athenes\\\/#breadcrumb\",\"itemListElement\":[{\"@type\":\"ListItem\",\"position\":1,\"name\":\"Home\",\"item\":\"https:\\\/\\\/inmo-invest.com\\\/fr\\\/\"},{\"@type\":\"ListItem\",\"position\":2,\"name\":\"Ath\u00e8nes\"}]},{\"@type\":\"WebSite\",\"@id\":\"https:\\\/\\\/inmo-invest.com\\\/#website\",\"url\":\"https:\\\/\\\/inmo-invest.com\\\/\",\"name\":\"inmo-invest.com\",\"description\":\"\",\"publisher\":{\"@id\":\"https:\\\/\\\/inmo-invest.com\\\/#organization\"},\"potentialAction\":[{\"@type\":\"SearchAction\",\"target\":{\"@type\":\"EntryPoint\",\"urlTemplate\":\"https:\\\/\\\/inmo-invest.com\\\/?s={search_term_string}\"},\"query-input\":{\"@type\":\"PropertyValueSpecification\",\"valueRequired\":true,\"valueName\":\"search_term_string\"}}],\"inLanguage\":\"fr-FR\"},{\"@type\":\"Organization\",\"@id\":\"https:\\\/\\\/inmo-invest.com\\\/#organization\",\"name\":\"Inmo Invest\",\"url\":\"https:\\\/\\\/inmo-invest.com\\\/\",\"logo\":{\"@type\":\"ImageObject\",\"inLanguage\":\"fr-FR\",\"@id\":\"https:\\\/\\\/inmo-invest.com\\\/#\\\/schema\\\/logo\\\/image\\\/\",\"url\":\"https:\\\/\\\/inmo-invest.com\\\/wp-content\\\/uploads\\\/2020\\\/11\\\/inmo-invest-color2.png\",\"contentUrl\":\"https:\\\/\\\/inmo-invest.com\\\/wp-content\\\/uploads\\\/2020\\\/11\\\/inmo-invest-color2.png\",\"width\":100,\"height\":88,\"caption\":\"Inmo Invest\"},\"image\":{\"@id\":\"https:\\\/\\\/inmo-invest.com\\\/#\\\/schema\\\/logo\\\/image\\\/\"},\"sameAs\":[\"https:\\\/\\\/www.facebook.com\\\/Inmo-Invest-107621727796935\",\"https:\\\/\\\/x.com\\\/InvestInmo\",\"https:\\\/\\\/www.instagram.com\\\/inmo.invest\\\/\",\"https:\\\/\\\/www.linkedin.com\\\/company\\\/inmo-invest\\\/\",\"https:\\\/\\\/youtube.com\\\/channel\\\/UC2N2RdnMogc0UH0UYzKyVRw\"]}]}<\/script>\n<!-- \/ Yoast SEO plugin. -->","yoast_head_json":{"title":"Ath\u00e8nes - inmo-invest.com","robots":{"index":"index","follow":"follow","max-snippet":"max-snippet:-1","max-image-preview":"max-image-preview:large","max-video-preview":"max-video-preview:-1"},"canonical":"https:\/\/inmo-invest.com\/fr\/athenes\/","og_locale":"fr_FR","og_type":"article","og_title":"Ath\u00e8nes - inmo-invest.com","og_url":"https:\/\/inmo-invest.com\/fr\/athenes\/","og_site_name":"inmo-invest.com","article_publisher":"https:\/\/www.facebook.com\/Inmo-Invest-107621727796935","article_modified_time":"2020-09-29T11:17:18+00:00","og_image":[{"width":1000,"height":722,"url":"https:\/\/inmo-invest.com\/wp-content\/uploads\/2021\/01\/12548.jpg","type":"image\/jpeg"}],"twitter_card":"summary_large_image","twitter_site":"@InvestInmo","twitter_misc":{"Dur\u00e9e de lecture estim\u00e9e":"10 minutes"},"schema":{"@context":"https:\/\/schema.org","@graph":[{"@type":"WebPage","@id":"https:\/\/inmo-invest.com\/fr\/athenes\/","url":"https:\/\/inmo-invest.com\/fr\/athenes\/","name":"Ath\u00e8nes - inmo-invest.com","isPartOf":{"@id":"https:\/\/inmo-invest.com\/#website"},"datePublished":"2020-09-29T11:16:50+00:00","dateModified":"2020-09-29T11:17:18+00:00","breadcrumb":{"@id":"https:\/\/inmo-invest.com\/fr\/athenes\/#breadcrumb"},"inLanguage":"fr-FR","potentialAction":[{"@type":"ReadAction","target":["https:\/\/inmo-invest.com\/fr\/athenes\/"]}]},{"@type":"BreadcrumbList","@id":"https:\/\/inmo-invest.com\/fr\/athenes\/#breadcrumb","itemListElement":[{"@type":"ListItem","position":1,"name":"Home","item":"https:\/\/inmo-invest.com\/fr\/"},{"@type":"ListItem","position":2,"name":"Ath\u00e8nes"}]},{"@type":"WebSite","@id":"https:\/\/inmo-invest.com\/#website","url":"https:\/\/inmo-invest.com\/","name":"inmo-invest.com","description":"","publisher":{"@id":"https:\/\/inmo-invest.com\/#organization"},"potentialAction":[{"@type":"SearchAction","target":{"@type":"EntryPoint","urlTemplate":"https:\/\/inmo-invest.com\/?s={search_term_string}"},"query-input":{"@type":"PropertyValueSpecification","valueRequired":true,"valueName":"search_term_string"}}],"inLanguage":"fr-FR"},{"@type":"Organization","@id":"https:\/\/inmo-invest.com\/#organization","name":"Inmo Invest","url":"https:\/\/inmo-invest.com\/","logo":{"@type":"ImageObject","inLanguage":"fr-FR","@id":"https:\/\/inmo-invest.com\/#\/schema\/logo\/image\/","url":"https:\/\/inmo-invest.com\/wp-content\/uploads\/2020\/11\/inmo-invest-color2.png","contentUrl":"https:\/\/inmo-invest.com\/wp-content\/uploads\/2020\/11\/inmo-invest-color2.png","width":100,"height":88,"caption":"Inmo Invest"},"image":{"@id":"https:\/\/inmo-invest.com\/#\/schema\/logo\/image\/"},"sameAs":["https:\/\/www.facebook.com\/Inmo-Invest-107621727796935","https:\/\/x.com\/InvestInmo","https:\/\/www.instagram.com\/inmo.invest\/","https:\/\/www.linkedin.com\/company\/inmo-invest\/","https:\/\/youtube.com\/channel\/UC2N2RdnMogc0UH0UYzKyVRw"]}]}},"_links":{"self":[{"href":"https:\/\/inmo-invest.com\/fr\/wp-json\/wp\/v2\/pages\/2659","targetHints":{"allow":["GET"]}}],"collection":[{"href":"https:\/\/inmo-invest.com\/fr\/wp-json\/wp\/v2\/pages"}],"about":[{"href":"https:\/\/inmo-invest.com\/fr\/wp-json\/wp\/v2\/types\/page"}],"author":[{"embeddable":true,"href":"https:\/\/inmo-invest.com\/fr\/wp-json\/wp\/v2\/users\/1"}],"replies":[{"embeddable":true,"href":"https:\/\/inmo-invest.com\/fr\/wp-json\/wp\/v2\/comments?post=2659"}],"version-history":[{"count":1,"href":"https:\/\/inmo-invest.com\/fr\/wp-json\/wp\/v2\/pages\/2659\/revisions"}],"predecessor-version":[{"id":2667,"href":"https:\/\/inmo-invest.com\/fr\/wp-json\/wp\/v2\/pages\/2659\/revisions\/2667"}],"wp:attachment":[{"href":"https:\/\/inmo-invest.com\/fr\/wp-json\/wp\/v2\/media?parent=2659"}],"curies":[{"name":"wp","href":"https:\/\/api.w.org\/{rel}","templated":true}]}}